{"id":43,"date":"2022-10-05T14:55:55","date_gmt":"2022-10-05T13:55:55","guid":{"rendered":"https:\/\/welshlambandbeef.com\/it\/?page_id=43"},"modified":"2023-03-16T10:58:44","modified_gmt":"2023-03-16T10:58:44","slug":"ligp","status":"publish","type":"page","link":"https:\/\/welshlambandbeef.com\/it\/ligp\/","title":{"rendered":"L&#8217;IGP"},"content":{"rendered":"","protected":false},"excerpt":{"rendered":"","protected":false},"author":5,"featured_media":17,"parent":0,"menu_order":0,"comment_status":"closed","ping_status":"closed","template":"","meta":{"_acf_changed":false,"inline_featured_image":false,"footnotes":""},"class_list":["post-43","page","type-page","status-publish","has-post-thumbnail","hentry"],"acf":[],"yoast_head":"<!-- This site is optimized with the Yoast SEO plugin v25.3.1 - https:\/\/yoast.com\/wordpress\/plugins\/seo\/ -->\n<title>L&#039;IGP - Italy<\/title>\n<meta name=\"description\" content=\"Oltre il gusto: IGP, tracciabilit\u00e0 e sostenibilit\u00e0, scopri perch\u00e9 la carne di Agnello Gallese \u00e8 cos\u00ec rinomata.\" \/>\n<meta name=\"robots\" content=\"index, follow, max-snippet:-1, max-image-preview:large, max-video-preview:-1\" \/>\n<link rel=\"canonical\" href=\"https:\/\/welshlambandbeef.com\/it\/ligp\/\" \/>\n<meta property=\"og:locale\" content=\"it_IT\" \/>\n<meta property=\"og:type\" content=\"article\" \/>\n<meta property=\"og:title\" content=\"L&#039;IGP - Italy\" \/>\n<meta property=\"og:description\" content=\"Oltre il gusto: IGP, tracciabilit\u00e0 e sostenibilit\u00e0, scopri perch\u00e9 la carne di Agnello Gallese \u00e8 cos\u00ec rinomata.\" \/>\n<meta property=\"og:url\" content=\"https:\/\/welshlambandbeef.com\/it\/ligp\/\" \/>\n<meta property=\"og:site_name\" content=\"Italy\" \/>\n<meta property=\"article:modified_time\" content=\"2023-03-16T10:58:44+00:00\" \/>\n<meta property=\"og:image\" content=\"https:\/\/welshlambandbeef.com\/it\/wp-content\/uploads\/sites\/7\/2022\/10\/11787.webp\" \/>\n\t<meta property=\"og:image:width\" content=\"1920\" \/>\n\t<meta property=\"og:image:height\" content=\"1439\" \/>\n\t<meta property=\"og:image:type\" content=\"image\/webp\" \/>\n<meta name=\"twitter:card\" content=\"summary_large_image\" \/>\n<script type=\"application\/ld+json\" class=\"yoast-schema-graph\">{\"@context\":\"https:\/\/schema.org\",\"@graph\":[{\"@type\":\"WebPage\",\"@id\":\"https:\/\/welshlambandbeef.com\/it\/ligp\/\",\"url\":\"https:\/\/welshlambandbeef.com\/it\/ligp\/\",\"name\":\"L'IGP - Italy\",\"isPartOf\":{\"@id\":\"https:\/\/welshlambandbeef.com\/it\/#website\"},\"primaryImageOfPage\":{\"@id\":\"https:\/\/welshlambandbeef.com\/it\/ligp\/#primaryimage\"},\"image\":{\"@id\":\"https:\/\/welshlambandbeef.com\/it\/ligp\/#primaryimage\"},\"thumbnailUrl\":\"https:\/\/welshlambandbeef.com\/it\/wp-content\/uploads\/sites\/7\/2022\/10\/11787.webp\",\"datePublished\":\"2022-10-05T13:55:55+00:00\",\"dateModified\":\"2023-03-16T10:58:44+00:00\",\"description\":\"Oltre il gusto: IGP, tracciabilit\u00e0 e sostenibilit\u00e0, scopri perch\u00e9 la carne di Agnello Gallese \u00e8 cos\u00ec rinomata.\",\"breadcrumb\":{\"@id\":\"https:\/\/welshlambandbeef.com\/it\/ligp\/#breadcrumb\"},\"inLanguage\":\"it-IT\",\"potentialAction\":[{\"@type\":\"ReadAction\",\"target\":[\"https:\/\/welshlambandbeef.com\/it\/ligp\/\"]}]},{\"@type\":\"ImageObject\",\"inLanguage\":\"it-IT\",\"@id\":\"https:\/\/welshlambandbeef.com\/it\/ligp\/#primaryimage\",\"url\":\"https:\/\/welshlambandbeef.com\/it\/wp-content\/uploads\/sites\/7\/2022\/10\/11787.webp\",\"contentUrl\":\"https:\/\/welshlambandbeef.com\/it\/wp-content\/uploads\/sites\/7\/2022\/10\/11787.webp\",\"width\":1920,\"height\":1439},{\"@type\":\"BreadcrumbList\",\"@id\":\"https:\/\/welshlambandbeef.com\/it\/ligp\/#breadcrumb\",\"itemListElement\":[{\"@type\":\"ListItem\",\"position\":1,\"name\":\"Homepage\",\"item\":\"https:\/\/welshlambandbeef.com\/it\/\"},{\"@type\":\"ListItem\",\"position\":2,\"name\":\"L&#8217;IGP\"}]},{\"@type\":\"WebSite\",\"@id\":\"https:\/\/welshlambandbeef.com\/it\/#website\",\"url\":\"https:\/\/welshlambandbeef.com\/it\/\",\"name\":\"Italy\",\"description\":\"Just another Eat Welsh Lamb & Welsh Beef Sites site\",\"potentialAction\":[{\"@type\":\"SearchAction\",\"target\":{\"@type\":\"EntryPoint\",\"urlTemplate\":\"https:\/\/welshlambandbeef.com\/it\/?s={search_term_string}\"},\"query-input\":{\"@type\":\"PropertyValueSpecification\",\"valueRequired\":true,\"valueName\":\"search_term_string\"}}],\"inLanguage\":\"it-IT\"}]}<\/script>\n<!-- \/ Yoast SEO plugin. -->","yoast_head_json":{"title":"L'IGP - Italy","description":"Oltre il gusto: IGP, tracciabilit\u00e0 e sostenibilit\u00e0, scopri perch\u00e9 la carne di Agnello Gallese \u00e8 cos\u00ec rinomata.","robots":{"index":"index","follow":"follow","max-snippet":"max-snippet:-1","max-image-preview":"max-image-preview:large","max-video-preview":"max-video-preview:-1"},"canonical":"https:\/\/welshlambandbeef.com\/it\/ligp\/","og_locale":"it_IT","og_type":"article","og_title":"L'IGP - Italy","og_description":"Oltre il gusto: IGP, tracciabilit\u00e0 e sostenibilit\u00e0, scopri perch\u00e9 la carne di Agnello Gallese \u00e8 cos\u00ec rinomata.","og_url":"https:\/\/welshlambandbeef.com\/it\/ligp\/","og_site_name":"Italy","article_modified_time":"2023-03-16T10:58:44+00:00","og_image":[{"width":1920,"height":1439,"url":"https:\/\/welshlambandbeef.com\/it\/wp-content\/uploads\/sites\/7\/2022\/10\/11787.webp","type":"image\/webp"}],"twitter_card":"summary_large_image","schema":{"@context":"https:\/\/schema.org","@graph":[{"@type":"WebPage","@id":"https:\/\/welshlambandbeef.com\/it\/ligp\/","url":"https:\/\/welshlambandbeef.com\/it\/ligp\/","name":"L'IGP - Italy","isPartOf":{"@id":"https:\/\/welshlambandbeef.com\/it\/#website"},"primaryImageOfPage":{"@id":"https:\/\/welshlambandbeef.com\/it\/ligp\/#primaryimage"},"image":{"@id":"https:\/\/welshlambandbeef.com\/it\/ligp\/#primaryimage"},"thumbnailUrl":"https:\/\/welshlambandbeef.com\/it\/wp-content\/uploads\/sites\/7\/2022\/10\/11787.webp","datePublished":"2022-10-05T13:55:55+00:00","dateModified":"2023-03-16T10:58:44+00:00","description":"Oltre il gusto: IGP, tracciabilit\u00e0 e sostenibilit\u00e0, scopri perch\u00e9 la carne di Agnello Gallese \u00e8 cos\u00ec rinomata.","breadcrumb":{"@id":"https:\/\/welshlambandbeef.com\/it\/ligp\/#breadcrumb"},"inLanguage":"it-IT","potentialAction":[{"@type":"ReadAction","target":["https:\/\/welshlambandbeef.com\/it\/ligp\/"]}]},{"@type":"ImageObject","inLanguage":"it-IT","@id":"https:\/\/welshlambandbeef.com\/it\/ligp\/#primaryimage","url":"https:\/\/welshlambandbeef.com\/it\/wp-content\/uploads\/sites\/7\/2022\/10\/11787.webp","contentUrl":"https:\/\/welshlambandbeef.com\/it\/wp-content\/uploads\/sites\/7\/2022\/10\/11787.webp","width":1920,"height":1439},{"@type":"BreadcrumbList","@id":"https:\/\/welshlambandbeef.com\/it\/ligp\/#breadcrumb","itemListElement":[{"@type":"ListItem","position":1,"name":"Homepage","item":"https:\/\/welshlambandbeef.com\/it\/"},{"@type":"ListItem","position":2,"name":"L&#8217;IGP"}]},{"@type":"WebSite","@id":"https:\/\/welshlambandbeef.com\/it\/#website","url":"https:\/\/welshlambandbeef.com\/it\/","name":"Italy","description":"Just another Eat Welsh Lamb & Welsh Beef Sites site","potentialAction":[{"@type":"SearchAction","target":{"@type":"EntryPoint","urlTemplate":"https:\/\/welshlambandbeef.com\/it\/?s={search_term_string}"},"query-input":{"@type":"PropertyValueSpecification","valueRequired":true,"valueName":"search_term_string"}}],"inLanguage":"it-IT"}]}},"lang":"it","translations":{"it":43},"pll_sync_post":[],"_links":{"self":[{"href":"https:\/\/welshlambandbeef.com\/it\/wp-json\/wp\/v2\/pages\/43","targetHints":{"allow":["GET"]}}],"collection":[{"href":"https:\/\/welshlambandbeef.com\/it\/wp-json\/wp\/v2\/pages"}],"about":[{"href":"https:\/\/welshlambandbeef.com\/it\/wp-json\/wp\/v2\/types\/page"}],"author":[{"embeddable":true,"href":"https:\/\/welshlambandbeef.com\/it\/wp-json\/wp\/v2\/users\/5"}],"replies":[{"embeddable":true,"href":"https:\/\/welshlambandbeef.com\/it\/wp-json\/wp\/v2\/comments?post=43"}],"version-history":[{"count":0,"href":"https:\/\/welshlambandbeef.com\/it\/wp-json\/wp\/v2\/pages\/43\/revisions"}],"wp:featuredmedia":[{"embeddable":true,"href":"https:\/\/welshlambandbeef.com\/it\/wp-json\/wp\/v2\/media\/17"}],"wp:attachment":[{"href":"https:\/\/welshlambandbeef.com\/it\/wp-json\/wp\/v2\/media?parent=43"}],"curies":[{"name":"wp","href":"https:\/\/api.w.org\/{rel}","templated":true}]}}